{"id":482,"date":"2023-10-05T15:56:46","date_gmt":"2023-10-05T13:56:46","guid":{"rendered":"https:\/\/www.progettoindaco.it\/coorte-nati\/?page_id=482"},"modified":"2024-07-01T10:55:51","modified_gmt":"2024-07-01T08:55:51","slug":"perche","status":"publish","type":"page","link":"https:\/\/www.progettoindaco.it\/coorte-nati\/perche\/","title":{"rendered":"Perch\u00e9"},"content":{"rendered":"\t\t<div data-elementor-type=\"wp-page\" data-elementor-id=\"482\" class=\"elementor elementor-482\" data-elementor-post-type=\"page\">\n\t\t\t\t\t\t<section class=\"elementor-section elementor-top-section elementor-element elementor-element-e437eb0 elementor-section-boxed elementor-section-height-default elementor-section-height-default\" data-id=\"e437eb0\" data-element_type=\"section\" data-settings=\"{&quot;shape_divider_top&quot;:&quot;mountains&quot;}\">\n\t\t\t\t\t<div class=\"elementor-shape elementor-shape-top\" aria-hidden=\"true\" data-negative=\"false\">\n\t\t\t<svg xmlns=\"http:\/\/www.w3.org\/2000\/svg\" viewBox=\"0 0 1000 100\" preserveAspectRatio=\"none\">\n\t<path class=\"elementor-shape-fill\" opacity=\"0.33\" d=\"M473,67.3c-203.9,88.3-263.1-34-320.3,0C66,119.1,0,59.7,0,59.7V0h1000v59.7 c0,0-62.1,26.1-94.9,29.3c-32.8,3.3-62.8-12.3-75.8-22.1C806,49.6,745.3,8.7,694.9,4.7S492.4,59,473,67.3z\"\/>\n\t<path class=\"elementor-shape-fill\" opacity=\"0.66\" d=\"M734,67.3c-45.5,0-77.2-23.2-129.1-39.1c-28.6-8.7-150.3-10.1-254,39.1 s-91.7-34.4-149.2,0C115.7,118.3,0,39.8,0,39.8V0h1000v36.5c0,0-28.2-18.5-92.1-18.5C810.2,18.1,775.7,67.3,734,67.3z\"\/>\n\t<path class=\"elementor-shape-fill\" d=\"M766.1,28.9c-200-57.5-266,65.5-395.1,19.5C242,1.8,242,5.4,184.8,20.6C128,35.8,132.3,44.9,89.9,52.5C28.6,63.7,0,0,0,0 h1000c0,0-9.9,40.9-83.6,48.1S829.6,47,766.1,28.9z\"\/>\n<\/svg>\t\t<\/div>\n\t\t\t\t\t<div class=\"elementor-container elementor-column-gap-default\">\n\t\t\t\t\t<div class=\"elementor-column elementor-col-100 elementor-top-column elementor-element elementor-element-1cb9de1\" data-id=\"1cb9de1\" data-element_type=\"column\">\n\t\t\t<div class=\"elementor-widget-wrap\">\n\t\t\t\t\t\t\t<\/div>\n\t\t<\/div>\n\t\t\t\t\t<\/div>\n\t\t<\/section>\n\t\t\t\t<section class=\"elementor-section elementor-top-section elementor-element elementor-element-55c595c elementor-section-boxed elementor-section-height-default elementor-section-height-default\" data-id=\"55c595c\" data-element_type=\"section\">\n\t\t\t\t\t\t<div class=\"elementor-container elementor-column-gap-default\">\n\t\t\t\t\t<div class=\"elementor-column elementor-col-100 elementor-top-column elementor-element elementor-element-34d4953\" data-id=\"34d4953\" data-element_type=\"column\">\n\t\t\t<div class=\"elementor-widget-wrap elementor-element-populated\">\n\t\t\t\t\t\t<section class=\"elementor-section elementor-inner-section elementor-element elementor-element-ed0fbe4 elementor-section-boxed elementor-section-height-default elementor-section-height-default\" data-id=\"ed0fbe4\" data-element_type=\"section\">\n\t\t\t\t\t\t<div class=\"elementor-container elementor-column-gap-default\">\n\t\t\t\t\t<div class=\"elementor-column elementor-col-33 elementor-inner-column elementor-element elementor-element-9e69428\" data-id=\"9e69428\" data-element_type=\"column\">\n\t\t\t<div class=\"elementor-widget-wrap elementor-element-populated\">\n\t\t\t\t\t\t<div class=\"elementor-element elementor-element-fc45c71 lil-line elementor-widget elementor-widget-heading\" data-id=\"fc45c71\" data-element_type=\"widget\" data-widget_type=\"heading.default\">\n\t\t\t\t<div class=\"elementor-widget-container\">\n\t\t\t\t\t<h3 class=\"elementor-heading-title elementor-size-default\">Perch\u00e9 uno studio di Coorte di nati?<br><\/h3>\t\t\t\t<\/div>\n\t\t\t\t<\/div>\n\t\t\t\t\t<\/div>\n\t\t<\/div>\n\t\t\t\t<div class=\"elementor-column elementor-col-66 elementor-inner-column elementor-element elementor-element-f7fda52\" data-id=\"f7fda52\" data-element_type=\"column\">\n\t\t\t<div class=\"elementor-widget-wrap elementor-element-populated\">\n\t\t\t\t\t\t<div class=\"elementor-element elementor-element-decab5a elementor-widget elementor-widget-text-editor\" data-id=\"decab5a\" data-element_type=\"widget\" data-widget_type=\"text-editor.default\">\n\t\t\t\t<div class=\"elementor-widget-container\">\n\t\t\t\t\t\t\t\t\t<p>La Valle del fiume Sacco \u00e8 soggetta da tempo a pressioni ambientali dovute anche alla presenza di numerose attivit\u00e0 industriali. Nel 2005 \u00e8 stato dichiarato lo stato di emergenza socio-ambientale e la Valle del Sacco \u00e8 stata inserita tra i Siti di Interesse Nazionale (SIN). Nel 2016 \u00e8 stata definita la nuova perimetrazione del SIN, che comprende oggi 19 comuni, di cui 4 della provincia di Roma e 15 della provincia di Frosinone.<\/p><p>In territori come quelli del SIN Valle del Sacco a forte pressione ambientale \u00e8 importante capire se l\u2019esposizione precoce (sin dal concepimento) ai contaminanti presenti \u2013 nell\u2019aria, nei terreni, nell\u2019acqua \u2013 possa avere effetti sulla salute in et\u00e0 pediatrica.<\/p>\t\t\t\t\t\t\t\t<\/div>\n\t\t\t\t<\/div>\n\t\t\t\t<div class=\"elementor-element elementor-element-7d76c4a elementor-widget elementor-widget-button\" data-id=\"7d76c4a\" data-element_type=\"widget\" data-widget_type=\"button.default\">\n\t\t\t\t<div class=\"elementor-widget-container\">\n\t\t\t\t\t\t\t\t\t<div class=\"elementor-button-wrapper\">\n\t\t\t\t\t<a class=\"elementor-button elementor-button-link elementor-size-md\" href=\"https:\/\/www.progettoindaco.it\/\">\n\t\t\t\t\t\t<span class=\"elementor-button-content-wrapper\">\n\t\t\t\t\t\t\t\t\t<span class=\"elementor-button-text\">SIN VALLE DEL SACCO<\/span>\n\t\t\t\t\t<\/span>\n\t\t\t\t\t<\/a>\n\t\t\t\t<\/div>\n\t\t\t\t\t\t\t\t<\/div>\n\t\t\t\t<\/div>\n\t\t\t\t<div class=\"elementor-element elementor-element-7ca5aed elementor-widget__width-initial elementor-widget elementor-widget-text-editor\" data-id=\"7ca5aed\" data-element_type=\"widget\" data-widget_type=\"text-editor.default\">\n\t\t\t\t<div class=\"elementor-widget-container\">\n\t\t\t\t\t\t\t\t\t<p><strong>Perch\u00e9 i primi 1000 giorni sono importanti?<\/strong><\/p><p><strong>I primi 1000 giorni<\/strong>, ovvero il periodo della vita intrauterina, in cui il feto si sviluppa, e della prima infanzia,\u00a0<strong>sono caratterizzati da un intenso sviluppo e una grande plasticit\u00e0 che li rende pi\u00f9 suscettibili all\u2019influenza dell\u2019ambiente esterno<\/strong>.\u00a0 Numerosi studi hanno mostrato che durante la gravidanza e nella primissima infanzia\u00a0<strong>alcune esposizioni ambientali<\/strong>, unite ai fattori genetici e al contesto sociale,\u00a0<strong>possono svolgere un ruolo importante nel determinare lo stato di salute della bambina e del bambino nel corso dell\u2019infanzia e in et\u00e0 adulta<\/strong>.\u00a0<br \/>Per capire meglio la relazione tra queste esposizioni e il possibile sviluppo di malattie, negli ultimi decenni in Europa sono state istituite diverse coorti di nati (ovvero studi prospettici a lungo termine con inizio alla nascita).\u00a0<br \/><strong>Gli studi di coorte di nati sono un potente disegno di studio e un\u2019importante risorsa per indagare in modo prospettico l\u2019effetto di esposizioni precoci, valutate quindi in diversi momenti dello sviluppo, sulla salute del bambino<\/strong>. Questi studi permettono inoltre la raccolta di materiali biologici della madre e della bambina o del bambino, utili al fine di misurare alcuni biomarcatori per lo studio di fattori genetici ed epigenetici.\u00a0<\/p><p><strong>Istituire una coorte di nati\u00a0<\/strong>in un\u2019area ad elevato rischio ambientale \u00e8 il miglior tipo di studio per indagare il ruolo delle esposizioni pre- e post-natali sulla salute e studiare la loro interazione con i fattori genetici.\u00a0<\/p>\t\t\t\t\t\t\t\t<\/div>\n\t\t\t\t<\/div>\n\t\t\t\t\t<\/div>\n\t\t<\/div>\n\t\t\t\t\t<\/div>\n\t\t<\/section>\n\t\t\t\t\t<\/div>\n\t\t<\/div>\n\t\t\t\t\t<\/div>\n\t\t<\/section>\n\t\t\t\t<section class=\"elementor-section elementor-top-section elementor-element elementor-element-ed9c858 elementor-section-boxed elementor-section-height-default elementor-section-height-default\" data-id=\"ed9c858\" data-element_type=\"section\">\n\t\t\t\t\t\t<div class=\"elementor-container elementor-column-gap-default\">\n\t\t\t\t\t<div class=\"elementor-column elementor-col-100 elementor-top-column elementor-element elementor-element-f5705d0\" data-id=\"f5705d0\" data-element_type=\"column\">\n\t\t\t<div class=\"elementor-widget-wrap elementor-element-populated\">\n\t\t\t\t\t\t<section class=\"elementor-section elementor-inner-section elementor-element elementor-element-b211655 elementor-section-boxed elementor-section-height-default elementor-section-height-default\" data-id=\"b211655\" data-element_type=\"section\">\n\t\t\t\t\t\t<div class=\"elementor-container elementor-column-gap-default\">\n\t\t\t\t\t<div class=\"elementor-column elementor-col-33 elementor-inner-column elementor-element elementor-element-6e49ce5\" data-id=\"6e49ce5\" data-element_type=\"column\">\n\t\t\t<div class=\"elementor-widget-wrap elementor-element-populated\">\n\t\t\t\t\t\t<div class=\"elementor-element elementor-element-ab71d4e lil-line elementor-widget elementor-widget-heading\" data-id=\"ab71d4e\" data-element_type=\"widget\" data-widget_type=\"heading.default\">\n\t\t\t\t<div class=\"elementor-widget-container\">\n\t\t\t\t\t<h3 class=\"elementor-heading-title elementor-size-default\">Perch\u00e9 partecipare a INDACO Coorte dei nati?<\/h3>\t\t\t\t<\/div>\n\t\t\t\t<\/div>\n\t\t\t\t\t<\/div>\n\t\t<\/div>\n\t\t\t\t<div class=\"elementor-column elementor-col-66 elementor-inner-column elementor-element elementor-element-f36dc46\" data-id=\"f36dc46\" data-element_type=\"column\">\n\t\t\t<div class=\"elementor-widget-wrap elementor-element-populated\">\n\t\t\t\t\t\t<div class=\"elementor-element elementor-element-6d23920 elementor-widget__width-initial elementor-widget elementor-widget-text-editor\" data-id=\"6d23920\" data-element_type=\"widget\" data-widget_type=\"text-editor.default\">\n\t\t\t\t<div class=\"elementor-widget-container\">\n\t\t\t\t\t\t\t\t\t<p>Il progetto INDACO \u2013 Coorte dei nati, condotto dal DEP Lazio e finanziato dal Ministero dell\u2019ambiente e dalla Regione Lazio, attraverso l\u2019istituzione di una coorte di nati nel SIN Valle del Sacco, si pone l\u2019obiettivo di <strong>indagare il\u00a0ruolo delle esposizioni ambientali durante la gravidanza e nei primi anni di vita sulla salute dei bambini concepiti e nati nel SIN\u00a0Valle del Sacco<\/strong>.\u00a0<\/p><p>La partecipazione delle mamme, delle loro bambine e bambini a questo studio pu\u00f2 contribuire a creare la conoscenza necessaria per individuare e produrre cambiamenti salutari negli stili di vita e per definire politiche di intervento efficaci su questo specifico territorio.<br \/>Partecipare significa provare a costruire un futuro pi\u00f9 sereno per chi nasce e vive nel territorio del SIN,\u00a0e per tutte le comunit\u00e0 che vivono i contesti ad elevata pressione ambientale.\u00a0<\/p>\t\t\t\t\t\t\t\t<\/div>\n\t\t\t\t<\/div>\n\t\t\t\t<div class=\"elementor-element elementor-element-8f80234 elementor-widget elementor-widget-button\" data-id=\"8f80234\" data-element_type=\"widget\" data-widget_type=\"button.default\">\n\t\t\t\t<div class=\"elementor-widget-container\">\n\t\t\t\t\t\t\t\t\t<div class=\"elementor-button-wrapper\">\n\t\t\t\t\t<a class=\"elementor-button elementor-button-link elementor-size-md\" href=\"https:\/\/www.progettoindaco.it\/coorte-nati\/partecipa\/\">\n\t\t\t\t\t\t<span class=\"elementor-button-content-wrapper\">\n\t\t\t\t\t\t\t\t\t<span class=\"elementor-button-text\">ENTRA A FAR PARTE DELLA COORTE DEI NATI<\/span>\n\t\t\t\t\t<\/span>\n\t\t\t\t\t<\/a>\n\t\t\t\t<\/div>\n\t\t\t\t\t\t\t\t<\/div>\n\t\t\t\t<\/div>\n\t\t\t\t\t<\/div>\n\t\t<\/div>\n\t\t\t\t\t<\/div>\n\t\t<\/section>\n\t\t\t\t\t<\/div>\n\t\t<\/div>\n\t\t\t\t\t<\/div>\n\t\t<\/section>\n\t\t\t\t<section class=\"elementor-section elementor-top-section elementor-element elementor-element-b74ac06 elementor-section-boxed elementor-section-height-default elementor-section-height-default\" data-id=\"b74ac06\" data-element_type=\"section\" data-settings=\"{&quot;shape_divider_bottom&quot;:&quot;mountains&quot;}\">\n\t\t\t\t\t<div class=\"elementor-shape elementor-shape-bottom\" aria-hidden=\"true\" data-negative=\"false\">\n\t\t\t<svg xmlns=\"http:\/\/www.w3.org\/2000\/svg\" viewBox=\"0 0 1000 100\" preserveAspectRatio=\"none\">\n\t<path class=\"elementor-shape-fill\" opacity=\"0.33\" d=\"M473,67.3c-203.9,88.3-263.1-34-320.3,0C66,119.1,0,59.7,0,59.7V0h1000v59.7 c0,0-62.1,26.1-94.9,29.3c-32.8,3.3-62.8-12.3-75.8-22.1C806,49.6,745.3,8.7,694.9,4.7S492.4,59,473,67.3z\"\/>\n\t<path class=\"elementor-shape-fill\" opacity=\"0.66\" d=\"M734,67.3c-45.5,0-77.2-23.2-129.1-39.1c-28.6-8.7-150.3-10.1-254,39.1 s-91.7-34.4-149.2,0C115.7,118.3,0,39.8,0,39.8V0h1000v36.5c0,0-28.2-18.5-92.1-18.5C810.2,18.1,775.7,67.3,734,67.3z\"\/>\n\t<path class=\"elementor-shape-fill\" d=\"M766.1,28.9c-200-57.5-266,65.5-395.1,19.5C242,1.8,242,5.4,184.8,20.6C128,35.8,132.3,44.9,89.9,52.5C28.6,63.7,0,0,0,0 h1000c0,0-9.9,40.9-83.6,48.1S829.6,47,766.1,28.9z\"\/>\n<\/svg>\t\t<\/div>\n\t\t\t\t\t<div class=\"elementor-container elementor-column-gap-default\">\n\t\t\t\t\t<div class=\"elementor-column elementor-col-100 elementor-top-column elementor-element elementor-element-59b1e3b\" data-id=\"59b1e3b\" data-element_type=\"column\">\n\t\t\t<div class=\"elementor-widget-wrap\">\n\t\t\t\t\t\t\t<\/div>\n\t\t<\/div>\n\t\t\t\t\t<\/div>\n\t\t<\/section>\n\t\t\t\t<\/div>\n\t\t","protected":false},"excerpt":{"rendered":"<p>Perch\u00e9 uno studio di Coorte di nati? La Valle del fiume Sacco \u00e8 soggetta da tempo a pressioni ambientali dovute anche alla presenza di numerose attivit\u00e0 industriali. Nel 2005 \u00e8 stato dichiarato lo stato di emergenza socio-ambientale e la Valle del Sacco \u00e8 stata inserita tra i Siti di Interesse Nazionale (SIN). Nel 2016 \u00e8 [&hellip;]<\/p>\n","protected":false},"author":4,"featured_media":0,"parent":0,"menu_order":0,"comment_status":"closed","ping_status":"closed","template":"","meta":{"inline_featured_image":false,"footnotes":""},"class_list":["post-482","page","type-page","status-publish","hentry"],"_links":{"self":[{"href":"https:\/\/www.progettoindaco.it\/coorte-nati\/wp-json\/wp\/v2\/pages\/482","targetHints":{"allow":["GET"]}}],"collection":[{"href":"https:\/\/www.progettoindaco.it\/coorte-nati\/wp-json\/wp\/v2\/pages"}],"about":[{"href":"https:\/\/www.progettoindaco.it\/coorte-nati\/wp-json\/wp\/v2\/types\/page"}],"author":[{"embeddable":true,"href":"https:\/\/www.progettoindaco.it\/coorte-nati\/wp-json\/wp\/v2\/users\/4"}],"replies":[{"embeddable":true,"href":"https:\/\/www.progettoindaco.it\/coorte-nati\/wp-json\/wp\/v2\/comments?post=482"}],"version-history":[{"count":0,"href":"https:\/\/www.progettoindaco.it\/coorte-nati\/wp-json\/wp\/v2\/pages\/482\/revisions"}],"wp:attachment":[{"href":"https:\/\/www.progettoindaco.it\/coorte-nati\/wp-json\/wp\/v2\/media?parent=482"}],"curies":[{"name":"wp","href":"https:\/\/api.w.org\/{rel}","templated":true}]}}